{"id":71,"date":"2021-11-11T13:31:24","date_gmt":"2021-11-11T13:31:24","guid":{"rendered":"https:\/\/semmca.com\/?page_id=71"},"modified":"2023-05-12T02:26:05","modified_gmt":"2023-05-12T02:26:05","slug":"conocenos","status":"publish","type":"page","link":"https:\/\/semmca.com\/?page_id=71","title":{"rendered":"Con\u00f3cenos"},"content":{"rendered":"<p><div class=\"et_d4_element et_pb_section et_pb_section_0 et_pb_with_background  et_pb_css_mix_blend_mode et_section_regular et_block_section\" >\n\t\t\t\t\n\t\t\t\t\n\t\t\t\t\n\t\t\t\t\n\t\t\t\t\n\t\t\t\t\n\t\t\t\t<div class=\"et_d4_element et_pb_row et_pb_row_0  et_pb_css_mix_blend_mode et_block_row\">\n\t\t\t\t<div class=\"et_d4_element et_pb_column_4_4 et_pb_column et_pb_column_0  et_pb_css_mix_blend_mode et-last-child et_block_column\">\n\t\t\t\t\n\t\t\t\t\n\t\t\t\t\n\t\t\t\t\n\t\t\t\t<div class=\"et_pb_module et_d4_element et_pb_image et_pb_image_0\">\n\t\t\t\t\n\t\t\t\t\n\t\t\t\t\n\t\t\t\t\n\t\t\t\t<span class=\"et_pb_image_wrap \"><img loading=\"lazy\" decoding=\"async\" width=\"1108\" height=\"1160\" src=\"https:\/\/semmca.com\/wp-content\/uploads\/2021\/11\/Logo-white-trnsprnt.png\" alt=\"\" title=\"Logo white trnsprnt\" srcset=\"https:\/\/semmca.com\/wp-content\/uploads\/2021\/11\/Logo-white-trnsprnt.png 1108w, https:\/\/semmca.com\/wp-content\/uploads\/2021\/11\/Logo-white-trnsprnt-980x1026.png 980w, https:\/\/semmca.com\/wp-content\/uploads\/2021\/11\/Logo-white-trnsprnt-480x503.png 480w\" sizes=\"(min-width: 0px) and (max-width: 480px) 480px, (min-width: 481px) and (max-width: 980px) 980px, (min-width: 981px) 1108px, 100vw\" class=\"wp-image-18\" \/><\/span>\n\t\t\t<\/div><div class=\"et_pb_module et_d4_element et_pb_text et_pb_text_0  et_pb_text_align_left et_pb_bg_layout_light\">\n\t\t\t\t\n\t\t\t\t\n\t\t\t\t\n\t\t\t\t\n\t\t\t\t<div class=\"et_pb_text_inner\"><p style=\"text-align: center;\"><span style=\"color: #ffffff;\"><strong>\u00bfQui\u00e9nes Somos?<\/strong><\/span><\/p><\/div>\n\t\t\t<\/div>\n\t\t\t<\/div>\n\t\t\t\t\n\t\t\t\t\n\t\t\t\t\n\t\t\t\t\n\t\t\t<\/div><div class=\"et_d4_element et_pb_row et_pb_row_1  et_pb_css_mix_blend_mode et_block_row\">\n\t\t\t\t<div class=\"et_d4_element et_pb_column_4_4 et_pb_column et_pb_column_1  et_pb_css_mix_blend_mode et-last-child et_block_column\">\n\t\t\t\t\n\t\t\t\t\n\t\t\t\t\n\t\t\t\t\n\t\t\t\t<div class=\"et_pb_module et_d4_element et_pb_text et_pb_text_1  et_pb_text_align_center et_pb_bg_layout_light\">\n\t\t\t\t\n\t\t\t\t\n\t\t\t\t\n\t\t\t\t\n\t\t\t\t<div class=\"et_pb_text_inner\"><p><span style=\"color: #ffffff;\">Somos un Seminario de formaci\u00f3n ministerial que capacita b\u00edblica y teol\u00f3gicamente a disc\u00edpulos de Jesucristo para un liderazgo de servicio en la misi\u00f3n de Dios. Pertenecemos a la Alianza Cristiana y Misionera.<\/span><\/p><\/div>\n\t\t\t<\/div>\n\t\t\t<\/div>\n\t\t\t\t\n\t\t\t\t\n\t\t\t\t\n\t\t\t\t\n\t\t\t<\/div>\n\t\t\t\t\n\t\t\t\t\n\t\t\t<\/div><div class=\"et_d4_element et_pb_section et_pb_section_1  et_pb_css_mix_blend_mode et_section_regular et_block_section\" >\n\t\t\t\t\n\t\t\t\t\n\t\t\t\t\n\t\t\t\t\n\t\t\t\t\n\t\t\t\t\n\t\t\t\t<div class=\"et_d4_element et_pb_row et_pb_row_2  et_pb_css_mix_blend_mode et_block_row\">\n\t\t\t\t<div class=\"et_d4_element et_pb_column_4_4 et_pb_column et_pb_column_2  et_pb_css_mix_blend_mode et-last-child et_block_column\">\n\t\t\t\t\n\t\t\t\t\n\t\t\t\t\n\t\t\t\t\n\t\t\t\t<div class=\"et_pb_module et_d4_element et_pb_video et_pb_video_0\">\n\t\t\t\t\n\t\t\t\t\n\t\t\t\t\n\t\t\t\t\n\t\t\t\t<div class=\"et_pb_video_box\">\n\t\t\t\t<video controls>\n\t\t\t\t\t<source type=\"video\/mp4\" src=\"https:\/\/semmca.com\/wp-content\/uploads\/2023\/05\/WhatsApp-Video-2023-05-03-at-18.56.08.mp4\" \/>\n\t\t\t\t\t\n\t\t\t\t<\/video><\/div>\n\t\t\t\t\n\t\t\t<\/div>\n\t\t\t<\/div>\n\t\t\t\t\n\t\t\t\t\n\t\t\t\t\n\t\t\t\t\n\t\t\t<\/div>\n\t\t\t\t\n\t\t\t\t\n\t\t\t<\/div><div class=\"et_d4_element et_pb_section et_pb_section_2  et_pb_css_mix_blend_mode et_section_regular et_block_section\" >\n\t\t\t\t\n\t\t\t\t\n\t\t\t\t\n\t\t\t\t\n\t\t\t\t\n\t\t\t\t\n\t\t\t\t<div class=\"et_d4_element et_pb_row et_pb_row_3 et_pb_equal_columns  et_pb_css_mix_blend_mode et_block_row\">\n\t\t\t\t<div class=\"et_d4_element et_pb_column_1_2 et_pb_column et_pb_column_3  et_pb_css_mix_blend_mode et_block_column\">\n\t\t\t\t\n\t\t\t\t\n\t\t\t\t\n\t\t\t\t\n\t\t\t\t<div class=\"et_pb_module et_d4_element et_pb_image et_pb_image_1\">\n\t\t\t\t\n\t\t\t\t\n\t\t\t\t\n\t\t\t\t\n\t\t\t\t<span class=\"et_pb_image_wrap \"><img loading=\"lazy\" decoding=\"async\" width=\"1108\" height=\"1160\" src=\"https:\/\/semmca.com\/wp-content\/uploads\/2021\/11\/Logo-black-trnsprnt.png\" alt=\"\" title=\"Logo black trnsprnt\" srcset=\"https:\/\/semmca.com\/wp-content\/uploads\/2021\/11\/Logo-black-trnsprnt.png 1108w, https:\/\/semmca.com\/wp-content\/uploads\/2021\/11\/Logo-black-trnsprnt-980x1026.png 980w, https:\/\/semmca.com\/wp-content\/uploads\/2021\/11\/Logo-black-trnsprnt-480x503.png 480w\" sizes=\"(min-width: 0px) and (max-width: 480px) 480px, (min-width: 481px) and (max-width: 980px) 980px, (min-width: 981px) 1108px, 100vw\" class=\"wp-image-74\" \/><\/span>\n\t\t\t<\/div>\n\t\t\t<\/div><div class=\"et_d4_element et_pb_column_1_2 et_pb_column et_pb_column_4  et_pb_css_mix_blend_mode et-last-child et_block_column\">\n\t\t\t\t\n\t\t\t\t\n\t\t\t\t\n\t\t\t\t\n\t\t\t\t<div class=\"et_pb_module et_d4_element et_pb_text et_pb_text_2  et_pb_text_align_left et_pb_bg_layout_light\">\n\t\t\t\t\n\t\t\t\t\n\t\t\t\t\n\t\t\t\t\n\t\t\t\t<div class=\"et_pb_text_inner\"><p style=\"text-align: center;\"><strong>Visi\u00f3n<\/strong><\/p><\/div>\n\t\t\t<\/div><div class=\"et_pb_module et_d4_element et_pb_text et_pb_text_3  et_pb_text_align_left et_pb_bg_layout_light\">\n\t\t\t\t\n\t\t\t\t\n\t\t\t\t\n\t\t\t\t\n\t\t\t\t<div class=\"et_pb_text_inner\">Preparar, capacitar y actualizar a los l\u00edderes-siervos para la obra del ministerio en Alianza Cristiana y Misionera de Centroam\u00e9rica y Panam\u00e1.<\/div>\n\t\t\t<\/div><div class=\"et_pb_module et_d4_element et_pb_text et_pb_text_4  et_pb_text_align_left et_pb_bg_layout_light\">\n\t\t\t\t\n\t\t\t\t\n\t\t\t\t\n\t\t\t\t\n\t\t\t\t<div class=\"et_pb_text_inner\"><p style=\"text-align: center;\"><strong>Misi\u00f3n<\/strong><\/p><\/div>\n\t\t\t<\/div><div class=\"et_pb_module et_d4_element et_pb_text et_pb_text_5  et_pb_text_align_left et_pb_bg_layout_light\">\n\t\t\t\t\n\t\t\t\t\n\t\t\t\t\n\t\t\t\t\n\t\t\t\t<div class=\"et_pb_text_inner\"><p>Ser un centro de capacitaci\u00f3n que facilite la preparaci\u00f3n integral de l\u00edderes-siervos que han recibido el llamado de Dios para el desarrollo de la <strong>ACyM<\/strong> en Centroam\u00e9rica y Panam\u00e1.<\/p><\/div>\n\t\t\t<\/div>\n\t\t\t<\/div>\n\t\t\t\t\n\t\t\t\t\n\t\t\t\t\n\t\t\t\t\n\t\t\t<\/div>\n\t\t\t\t\n\t\t\t\t\n\t\t\t<\/div><div class=\"et_d4_element et_pb_section et_pb_section_3  et_pb_css_mix_blend_mode et_section_regular et_block_section\" >\n\t\t\t\t\n\t\t\t\t\n\t\t\t\t\n\t\t\t\t\n\t\t\t\t\n\t\t\t\t\n\t\t\t\t<div class=\"et_d4_element et_pb_row et_pb_row_4  et_pb_css_mix_blend_mode et_block_row\">\n\t\t\t\t<div class=\"et_d4_element et_pb_column_4_4 et_pb_column et_pb_column_5  et_pb_css_mix_blend_mode et-last-child et_block_column\">\n\t\t\t\t\n\t\t\t\t\n\t\t\t\t\n\t\t\t\t\n\t\t\t\t<div class=\"et_pb_module et_d4_element et_pb_text et_pb_text_6  et_pb_text_align_left et_pb_bg_layout_light\">\n\t\t\t\t\n\t\t\t\t\n\t\t\t\t\n\t\t\t\t\n\t\t\t\t<div class=\"et_pb_text_inner\"><h1 style=\"text-align: center;\"><strong>Valores<\/strong><\/h1><\/div>\n\t\t\t<\/div>\n\t\t\t<\/div>\n\t\t\t\t\n\t\t\t\t\n\t\t\t\t\n\t\t\t\t\n\t\t\t<\/div><div class=\"et_d4_element et_pb_row et_pb_row_5 et_pb_equal_columns  et_pb_css_mix_blend_mode et_block_row\">\n\t\t\t\t<div class=\"et_d4_element et_pb_column_1_4 et_pb_column et_pb_column_6  et_pb_css_mix_blend_mode et_block_column\">\n\t\t\t\t\n\t\t\t\t\n\t\t\t\t\n\t\t\t\t\n\t\t\t\t<div class=\"et_pb_module et_d4_element et_pb_text et_pb_text_7  et_pb_text_align_left et_pb_bg_layout_light\">\n\t\t\t\t\n\t\t\t\t\n\t\t\t\t\n\t\t\t\t\n\t\t\t\t<div class=\"et_pb_text_inner\"><p style=\"text-align: center;\"><span style=\"color: #ffffff;\"><strong>Autoridad de la Biblia<\/strong><\/span><\/p>\n<p style=\"text-align: center;\"><span style=\"color: #ffffff;\">Creemos que la Biblia es nuestra autoridad final para asuntos de fe y pr\u00e1ctica.<strong><\/strong><\/span><span style=\"color: #ffffff;\"><strong><\/strong><\/span><\/p><\/div>\n\t\t\t<\/div>\n\t\t\t<\/div><div class=\"et_d4_element et_pb_column_1_4 et_pb_column et_pb_column_7  et_pb_css_mix_blend_mode et_block_column\">\n\t\t\t\t\n\t\t\t\t\n\t\t\t\t\n\t\t\t\t\n\t\t\t\t<div class=\"et_pb_module et_d4_element et_pb_text et_pb_text_8  et_pb_text_align_left et_pb_bg_layout_light\">\n\t\t\t\t\n\t\t\t\t\n\t\t\t\t\n\t\t\t\t\n\t\t\t\t<div class=\"et_pb_text_inner\"><p style=\"text-align: center;\"><span style=\"color: #ffffff;\"><strong>Compromiso con<\/strong><\/span><br \/><span style=\"color: #ffffff;\"><strong>la Educaci\u00f3n<\/strong><\/span><\/p>\n<p style=\"text-align: center;\"><span style=\"color: #ffffff;\">Ofrecemos una educaci\u00f3n de calidad y accesible para los estudiantes.<\/span><\/p><\/div>\n\t\t\t<\/div>\n\t\t\t<\/div><div class=\"et_d4_element et_pb_column_1_4 et_pb_column et_pb_column_8  et_pb_css_mix_blend_mode et_block_column\">\n\t\t\t\t\n\t\t\t\t\n\t\t\t\t\n\t\t\t\t\n\t\t\t\t<div class=\"et_pb_module et_d4_element et_pb_text et_pb_text_9  et_pb_text_align_left et_pb_bg_layout_light\">\n\t\t\t\t\n\t\t\t\t\n\t\t\t\t\n\t\t\t\t\n\t\t\t\t<div class=\"et_pb_text_inner\"><p style=\"text-align: center;\"><span style=\"color: #ffffff;\"><strong>Liderazgo de S<\/strong><strong>ervicio<\/strong><\/span><\/p>\n<p style=\"text-align: center;\"><span style=\"color: #ffffff;\">Siguiendo el Ejemplo de Jes\u00fas nos comprometemos a servirnos los unos a los otros, buscando el bien com\u00fan por encima del nuestro.<\/span><\/p><\/div>\n\t\t\t<\/div><div class=\"et_pb_module et_d4_element et_pb_text et_pb_text_10  et_pb_text_align_justified et_pb_bg_layout_light\">\n\t\t\t\t\n\t\t\t\t\n\t\t\t\t\n\t\t\t\t\n\t\t\t\t\n\t\t\t<\/div>\n\t\t\t<\/div><div class=\"et_d4_element et_pb_column_1_4 et_pb_column et_pb_column_9  et_pb_css_mix_blend_mode et-last-child et_block_column\">\n\t\t\t\t\n\t\t\t\t\n\t\t\t\t\n\t\t\t\t\n\t\t\t\t<div class=\"et_pb_module et_d4_element et_pb_text et_pb_text_11  et_pb_text_align_left et_pb_bg_layout_light\">\n\t\t\t\t\n\t\t\t\t\n\t\t\t\t\n\t\t\t\t\n\t\t\t\t<div class=\"et_pb_text_inner\"><p style=\"text-align: center;\"><span style=\"color: #ffffff;\"><strong>Liderazgo en la Iglesia<\/strong><strong><\/strong><\/span><\/p>\n<p style=\"text-align: center;\"><span style=\"color: #ffffff;\">Nos comprometemos a servir a la Iglesia del Se\u00f1or buscando su edificaci\u00f3n y colaborando con ella en el cumplimiento de la misi\u00f3n de Dios.<\/span><\/p><\/div>\n\t\t\t<\/div>\n\t\t\t<\/div>\n\t\t\t\t\n\t\t\t\t\n\t\t\t\t\n\t\t\t\t\n\t\t\t<\/div><div class=\"et_d4_element et_pb_row et_pb_row_6  et_pb_css_mix_blend_mode et_block_row\">\n\t\t\t\t<div class=\"et_d4_element et_pb_column_4_4 et_pb_column et_pb_column_10  et_pb_css_mix_blend_mode et-last-child et_block_column\">\n\t\t\t\t\n\t\t\t\t\n\t\t\t\t\n\t\t\t\t\n\t\t\t\t<div class=\"et_pb_module et_d4_element et_pb_text et_pb_text_12  et_pb_text_align_left et_pb_bg_layout_light\">\n\t\t\t\t\n\t\t\t\t\n\t\t\t\t\n\t\t\t\t\n\t\t\t\t<div class=\"et_pb_text_inner\"><p style=\"text-align: center;\"><span style=\"color: #ffffff;\"><strong>Vida en Comunidad<\/strong><\/span><\/p>\n<p style=\"text-align: center;\"><span style=\"color: #ffffff;\">Procuraremos crear espacios en que como comunidad se desarrollen las relaciones interpersonales basadas en la integridad, la confianza mutua, el amor, el perd\u00f3n, el trabajo en equipo que sirvan para el crecimiento personal y el desarrollo de la madurez cristiana.<\/span><\/p><\/div>\n\t\t\t<\/div>\n\t\t\t<\/div>\n\t\t\t\t\n\t\t\t\t\n\t\t\t\t\n\t\t\t\t\n\t\t\t<\/div>\n\t\t\t\t\n\t\t\t\t\n\t\t\t<\/div><div class=\"et_d4_element et_pb_section et_pb_section_4 et_pb_with_background  et_pb_css_mix_blend_mode et_section_specialty et_block_section\" >\n\t\t\t\t\n\t\t\t\t\n\t\t\t\t\n\t\t\t\t\n\t\t\t\t\n\t\t\t\t<div class=\"et_pb_row et_block_row et_d4_element\">\n\t\t\t\t<div class=\"et_d4_element et_pb_column_1_3 et_pb_column et_pb_column_11    et_pb_css_mix_blend_mode et_block_column\">\n\t\t\t\t\n\t\t\t\t\n\t\t\t\t\n\t\t\t\t\n\t\t\t\t<div class=\"et_pb_module et_d4_element et_pb_image et_pb_image_2\">\n\t\t\t\t\n\t\t\t\t\n\t\t\t\t\n\t\t\t\t\n\t\t\t\t<span class=\"et_pb_image_wrap \"><img loading=\"lazy\" decoding=\"async\" width=\"2560\" height=\"1707\" src=\"https:\/\/semmca.com\/wp-content\/uploads\/2021\/11\/back-view-of-man-presenting-to-students-at-a-lectu-2021-08-26-16-12-59-utc-scaled.jpg\" alt=\"\" title=\"Back view of man presenting to students at a lecture theatre\" srcset=\"https:\/\/semmca.com\/wp-content\/uploads\/2021\/11\/back-view-of-man-presenting-to-students-at-a-lectu-2021-08-26-16-12-59-utc-scaled.jpg 2560w, https:\/\/semmca.com\/wp-content\/uploads\/2021\/11\/back-view-of-man-presenting-to-students-at-a-lectu-2021-08-26-16-12-59-utc-1280x854.jpg 1280w, https:\/\/semmca.com\/wp-content\/uploads\/2021\/11\/back-view-of-man-presenting-to-students-at-a-lectu-2021-08-26-16-12-59-utc-980x653.jpg 980w, https:\/\/semmca.com\/wp-content\/uploads\/2021\/11\/back-view-of-man-presenting-to-students-at-a-lectu-2021-08-26-16-12-59-utc-480x320.jpg 480w\" sizes=\"(min-width: 0px) and (max-width: 480px) 480px, (min-width: 481px) and (max-width: 980px) 980px, (min-width: 981px) and (max-width: 1280px) 1280px, (min-width: 1281px) 2560px, 100vw\" class=\"wp-image-52\" \/><\/span>\n\t\t\t<\/div>\n\t\t\t<\/div><div class=\"et_d4_element et_pb_column_2_3 et_pb_column et_pb_column_12   et_pb_specialty_column  et_pb_css_mix_blend_mode et-last-child et_block_column\">\n\t\t\t\t\n\t\t\t\t\n\t\t\t\t\n\t\t\t\t\n\t\t\t\t<div class=\"et_d4_element et_pb_row_inner et_pb_row_inner_0  et_pb_css_mix_blend_mode et_block_row\">\n\t\t\t\t<div class=\"et_pb_column et_pb_column_4_4 et_d4_element et_pb_column_inner et_pb_column_inner_0  et_pb_css_mix_blend_mode et-last-child et_block_column\">\n\t\t\t\t\n\t\t\t\t\n\t\t\t\t\n\t\t\t\t\n\t\t\t\t<div class=\"et_pb_module et_d4_element et_pb_text et_pb_text_13  et_pb_text_align_left et_pb_bg_layout_light\">\n\t\t\t\t\n\t\t\t\t\n\t\t\t\t\n\t\t\t\t\n\t\t\t\t<div class=\"et_pb_text_inner\"><h1 style=\"text-align: center;\"><strong>Diplomado en estudios ministeriales<\/strong><\/h1><\/div>\n\t\t\t<\/div>\n\t\t\t<\/div>\n\t\t\t\t\n\t\t\t\t\n\t\t\t\t\n\t\t\t\t\n\t\t\t<\/div><div class=\"et_d4_element et_pb_row_inner et_pb_row_inner_1  et_pb_css_mix_blend_mode et_block_row\">\n\t\t\t\t<div class=\"et_pb_column et_pb_column_4_4 et_d4_element et_pb_column_inner et_pb_column_inner_1  et_pb_css_mix_blend_mode et-last-child et_block_column\">\n\t\t\t\t\n\t\t\t\t\n\t\t\t\t\n\t\t\t\t\n\t\t\t\t<div class=\"et_pb_module et_d4_element et_pb_text et_pb_text_14  et_pb_text_align_left et_pb_bg_layout_light\">\n\t\t\t\t\n\t\t\t\t\n\t\t\t\t\n\t\t\t\t\n\t\t\t\t<div class=\"et_pb_text_inner\"><p style=\"text-align: center;\">Dicho programa esta dise\u00f1ado para ofrecer una educaci\u00f3n integral.<\/p>\n<p style=\"text-align: center;\">Fortaleciendo las \u00e1reas b\u00edblicas, teol\u00f3gicas, doctrinal, ministerial y espiritual de nuestros alumnos.<\/p>\n<p style=\"text-align: center;\">Este programa tiene una duraci\u00f3n de 3 a\u00f1os y consta de 27 cursos.<\/p><\/div>\n\t\t\t<\/div>\n\t\t\t<\/div>\n\t\t\t\t\n\t\t\t\t\n\t\t\t\t\n\t\t\t\t\n\t\t\t<\/div>\n\t\t\t<\/div>\n\t\t\t\t<\/div>\n\t\t\t\t\n\t\t\t<\/div><div class=\"et_d4_element et_pb_section et_pb_section_5  et_pb_css_mix_blend_mode et_section_regular et_block_section\" >\n\t\t\t\t\n\t\t\t\t\n\t\t\t\t\n\t\t\t\t\n\t\t\t\t\n\t\t\t\t\n\t\t\t\t<div class=\"et_d4_element et_pb_row et_pb_row_7  et_pb_css_mix_blend_mode et_block_row\">\n\t\t\t\t<div class=\"et_d4_element et_pb_column_4_4 et_pb_column et_pb_column_13  et_pb_css_mix_blend_mode et-last-child et_block_column\">\n\t\t\t\t\n\t\t\t\t\n\t\t\t\t\n\t\t\t\t\n\t\t\t\t<div class=\"et_pb_button_module_wrapper et_pb_button_0_wrapper et_pb_button_alignment_center et_pb_module \">\n\t\t\t\t<a class=\"et_pb_button et_d4_element et_pb_button_0 et_pb_bg_layout_light et_block_module\" href=\"https:\/\/semmca.com\/?page_id=83\">Siguiente P\u00e1gina \u25ba<\/a>\n\t\t\t<\/div>\n\t\t\t<\/div>\n\t\t\t\t\n\t\t\t\t\n\t\t\t\t\n\t\t\t\t\n\t\t\t<\/div>\n\t\t\t\t\n\t\t\t\t\n\t\t\t<\/div><\/p>\n","protected":false},"excerpt":{"rendered":"","protected":false},"author":1,"featured_media":0,"parent":0,"menu_order":0,"comment_status":"closed","ping_status":"closed","template":"","meta":{"_et_pb_use_builder":"on","_et_pb_old_content":"","_et_gb_content_width":"","footnotes":""},"class_list":["post-71","page","type-page","status-publish","hentry"],"yoast_head":"<!-- This site is optimized with the Yoast SEO plugin v26.4 - https:\/\/yoast.com\/wordpress\/plugins\/seo\/ -->\n<title>Con\u00f3cenos | Seminario Centroamericano Aliancista<\/title>\n<meta name=\"description\" content=\"Somos un Seminario de formaci\u00f3n ministerial que capacita b\u00edblica y teol\u00f3gicamente para un liderazgo de servicio en la misi\u00f3n de Dios.\" \/>\n<meta name=\"robots\" content=\"index, follow, max-snippet:-1, max-image-preview:large, max-video-preview:-1\" \/>\n<link rel=\"canonical\" href=\"https:\/\/semmca.com\/?page_id=71\" \/>\n<meta property=\"og:locale\" content=\"en_US\" \/>\n<meta property=\"og:type\" content=\"article\" \/>\n<meta property=\"og:title\" content=\"conocenos\" \/>\n<meta property=\"og:description\" content=\"Somos un Seminario de formaci\u00f3n ministerial que capacita b\u00edblica y teol\u00f3gicamente para un liderazgo de servicio en la misi\u00f3n de Dios.\" \/>\n<meta property=\"og:url\" content=\"https:\/\/semmca.com\/?page_id=71\" \/>\n<meta property=\"og:site_name\" content=\"Seminario Centroamericano Aliancista\" \/>\n<meta property=\"article:modified_time\" content=\"2023-05-12T02:26:05+00:00\" \/>\n<meta property=\"og:image\" content=\"https:\/\/semmca.com\/wp-content\/uploads\/2021\/12\/Logo-gray-trnsprnt.png\" \/>\n\t<meta property=\"og:image:width\" content=\"1108\" \/>\n\t<meta property=\"og:image:height\" content=\"1160\" \/>\n\t<meta property=\"og:image:type\" content=\"image\/png\" \/>\n<meta name=\"twitter:card\" content=\"summary_large_image\" \/>\n<script type=\"application\/ld+json\" class=\"yoast-schema-graph\">{\"@context\":\"https:\/\/schema.org\",\"@graph\":[{\"@type\":\"WebPage\",\"@id\":\"https:\/\/semmca.com\/?page_id=71\",\"url\":\"https:\/\/semmca.com\/?page_id=71\",\"name\":\"Con\u00f3cenos | Seminario Centroamericano Aliancista\",\"isPartOf\":{\"@id\":\"https:\/\/semmca.com\/#website\"},\"datePublished\":\"2021-11-11T13:31:24+00:00\",\"dateModified\":\"2023-05-12T02:26:05+00:00\",\"description\":\"Somos un Seminario de formaci\u00f3n ministerial que capacita b\u00edblica y teol\u00f3gicamente para un liderazgo de servicio en la misi\u00f3n de Dios.\",\"breadcrumb\":{\"@id\":\"https:\/\/semmca.com\/?page_id=71#breadcrumb\"},\"inLanguage\":\"en-US\",\"potentialAction\":[{\"@type\":\"ReadAction\",\"target\":[\"https:\/\/semmca.com\/?page_id=71\"]}]},{\"@type\":\"BreadcrumbList\",\"@id\":\"https:\/\/semmca.com\/?page_id=71#breadcrumb\",\"itemListElement\":[{\"@type\":\"ListItem\",\"position\":1,\"name\":\"Home\",\"item\":\"https:\/\/semmca.com\/\"},{\"@type\":\"ListItem\",\"position\":2,\"name\":\"Con\u00f3cenos\"}]},{\"@type\":\"WebSite\",\"@id\":\"https:\/\/semmca.com\/#website\",\"url\":\"https:\/\/semmca.com\/\",\"name\":\"Seminario Centroamericano Aliancista\",\"description\":\"Comprometidos con la Excelencia\",\"publisher\":{\"@id\":\"https:\/\/semmca.com\/#organization\"},\"alternateName\":\"SEMMCA\",\"potentialAction\":[{\"@type\":\"SearchAction\",\"target\":{\"@type\":\"EntryPoint\",\"urlTemplate\":\"https:\/\/semmca.com\/?s={search_term_string}\"},\"query-input\":{\"@type\":\"PropertyValueSpecification\",\"valueRequired\":true,\"valueName\":\"search_term_string\"}}],\"inLanguage\":\"en-US\"},{\"@type\":\"Organization\",\"@id\":\"https:\/\/semmca.com\/#organization\",\"name\":\"Seminario Centroamericano Aliancista\",\"alternateName\":\"SEMMCA\",\"url\":\"https:\/\/semmca.com\/\",\"logo\":{\"@type\":\"ImageObject\",\"inLanguage\":\"en-US\",\"@id\":\"https:\/\/semmca.com\/#\/schema\/logo\/image\/\",\"url\":\"https:\/\/semmca.com\/wp-content\/uploads\/2022\/01\/Logo-black.jpg\",\"contentUrl\":\"https:\/\/semmca.com\/wp-content\/uploads\/2022\/01\/Logo-black.jpg\",\"width\":1108,\"height\":1160,\"caption\":\"Seminario Centroamericano Aliancista\"},\"image\":{\"@id\":\"https:\/\/semmca.com\/#\/schema\/logo\/image\/\"}}]}<\/script>\n<!-- \/ Yoast SEO plugin. -->","yoast_head_json":{"title":"Con\u00f3cenos | Seminario Centroamericano Aliancista","description":"Somos un Seminario de formaci\u00f3n ministerial que capacita b\u00edblica y teol\u00f3gicamente para un liderazgo de servicio en la misi\u00f3n de Dios.","robots":{"index":"index","follow":"follow","max-snippet":"max-snippet:-1","max-image-preview":"max-image-preview:large","max-video-preview":"max-video-preview:-1"},"canonical":"https:\/\/semmca.com\/?page_id=71","og_locale":"en_US","og_type":"article","og_title":"conocenos","og_description":"Somos un Seminario de formaci\u00f3n ministerial que capacita b\u00edblica y teol\u00f3gicamente para un liderazgo de servicio en la misi\u00f3n de Dios.","og_url":"https:\/\/semmca.com\/?page_id=71","og_site_name":"Seminario Centroamericano Aliancista","article_modified_time":"2023-05-12T02:26:05+00:00","og_image":[{"width":1108,"height":1160,"url":"https:\/\/semmca.com\/wp-content\/uploads\/2021\/12\/Logo-gray-trnsprnt.png","type":"image\/png"}],"twitter_card":"summary_large_image","schema":{"@context":"https:\/\/schema.org","@graph":[{"@type":"WebPage","@id":"https:\/\/semmca.com\/?page_id=71","url":"https:\/\/semmca.com\/?page_id=71","name":"Con\u00f3cenos | Seminario Centroamericano Aliancista","isPartOf":{"@id":"https:\/\/semmca.com\/#website"},"datePublished":"2021-11-11T13:31:24+00:00","dateModified":"2023-05-12T02:26:05+00:00","description":"Somos un Seminario de formaci\u00f3n ministerial que capacita b\u00edblica y teol\u00f3gicamente para un liderazgo de servicio en la misi\u00f3n de Dios.","breadcrumb":{"@id":"https:\/\/semmca.com\/?page_id=71#breadcrumb"},"inLanguage":"en-US","potentialAction":[{"@type":"ReadAction","target":["https:\/\/semmca.com\/?page_id=71"]}]},{"@type":"BreadcrumbList","@id":"https:\/\/semmca.com\/?page_id=71#breadcrumb","itemListElement":[{"@type":"ListItem","position":1,"name":"Home","item":"https:\/\/semmca.com\/"},{"@type":"ListItem","position":2,"name":"Con\u00f3cenos"}]},{"@type":"WebSite","@id":"https:\/\/semmca.com\/#website","url":"https:\/\/semmca.com\/","name":"Seminario Centroamericano Aliancista","description":"Comprometidos con la Excelencia","publisher":{"@id":"https:\/\/semmca.com\/#organization"},"alternateName":"SEMMCA","potentialAction":[{"@type":"SearchAction","target":{"@type":"EntryPoint","urlTemplate":"https:\/\/semmca.com\/?s={search_term_string}"},"query-input":{"@type":"PropertyValueSpecification","valueRequired":true,"valueName":"search_term_string"}}],"inLanguage":"en-US"},{"@type":"Organization","@id":"https:\/\/semmca.com\/#organization","name":"Seminario Centroamericano Aliancista","alternateName":"SEMMCA","url":"https:\/\/semmca.com\/","logo":{"@type":"ImageObject","inLanguage":"en-US","@id":"https:\/\/semmca.com\/#\/schema\/logo\/image\/","url":"https:\/\/semmca.com\/wp-content\/uploads\/2022\/01\/Logo-black.jpg","contentUrl":"https:\/\/semmca.com\/wp-content\/uploads\/2022\/01\/Logo-black.jpg","width":1108,"height":1160,"caption":"Seminario Centroamericano Aliancista"},"image":{"@id":"https:\/\/semmca.com\/#\/schema\/logo\/image\/"}}]}},"_links":{"self":[{"href":"https:\/\/semmca.com\/index.php?rest_route=\/wp\/v2\/pages\/71","targetHints":{"allow":["GET"]}}],"collection":[{"href":"https:\/\/semmca.com\/index.php?rest_route=\/wp\/v2\/pages"}],"about":[{"href":"https:\/\/semmca.com\/index.php?rest_route=\/wp\/v2\/types\/page"}],"author":[{"embeddable":true,"href":"https:\/\/semmca.com\/index.php?rest_route=\/wp\/v2\/users\/1"}],"replies":[{"embeddable":true,"href":"https:\/\/semmca.com\/index.php?rest_route=%2Fwp%2Fv2%2Fcomments&post=71"}],"version-history":[{"count":10,"href":"https:\/\/semmca.com\/index.php?rest_route=\/wp\/v2\/pages\/71\/revisions"}],"predecessor-version":[{"id":476,"href":"https:\/\/semmca.com\/index.php?rest_route=\/wp\/v2\/pages\/71\/revisions\/476"}],"wp:attachment":[{"href":"https:\/\/semmca.com\/index.php?rest_route=%2Fwp%2Fv2%2Fmedia&parent=71"}],"curies":[{"name":"wp","href":"https:\/\/api.w.org\/{rel}","templated":true}]}}